{"id":592,"date":"2007-10-07T04:10:47","date_gmt":"2007-10-07T03:10:47","guid":{"rendered":"http:\/\/hugocardoso.com\/action-figures\/"},"modified":"2026-03-05T00:51:24","modified_gmt":"2026-03-05T00:51:24","slug":"a-coleccao","status":"publish","type":"page","link":"https:\/\/hugocardoso.com\/blog\/a-coleccao","title":{"rendered":"O Autor"},"content":{"rendered":"<p>A cria\u00e7\u00e3o deste projecto teve in\u00edcio em fevereiro de 2004, com o claro intuito de partilhar experi\u00eancias e pontos de vista estritamente pessoais. O processo foi longo e passou por diversas fases evolutivas, tendo sido alcan\u00e7ada a estabilidade na plataforma WordPress, num <a href=\"https:\/\/wordpress.org\/themes\/hitmag\/\" target=\"_blank\" rel=\"noopener noreferrer\">tema open source<\/a>.<\/p>\n<p>Agora que partilhei a premissa original deste espa\u00e7o, parece-me a altura ideal para falar um pouco de mim. Resido actualmente em Vialonga, ap\u00f3s 27 anos fant\u00e1sticos em Moscavide. Sou nativo do signo Peixes e tenho uma paix\u00e3o por cinema, m\u00fasica, tecnologia e banda desenhada. No que concerne a desporto, sou um adepto entusiasta do <a href=\"https:\/\/www.slbenfica.pt\/\" target=\"_blank\" rel=\"noopener noreferrer\">SLB<\/a>, <a href=\"https:\/\/www.nba.com\/lakers\/\" target=\"_blank\" rel=\"noopener noreferrer\">LA Lakers<\/a> e <a href=\"https:\/\/www.nhl.com\/avalanche\" target=\"_blank\" rel=\"noopener noreferrer\">Colorado Avalanche<\/a>.<\/p>\n<p>A vida \u00e9 composta por paix\u00f5es e um dos meus hobbies passa por coleccionar (maioritariamente) est\u00e1tuas da Marvel e DC, algo que se iniciou h\u00e1\u00a0quase duas d\u00e9cadas, com um simples <a href=\"http:\/\/hugocardoso.com\/blog\/archives\/73\" target=\"_blank\" rel=\"noopener noreferrer\">bobblehead do Muttley<\/a>, o meu vil\u00e3o preferido da s\u00e9rie de anima\u00e7\u00e3o <a title=\"Saber mais\" href=\"http:\/\/pt.wikipedia.org\/wiki\/Wacky_races\" target=\"_blank\" rel=\"noopener noreferrer\">Wacky Races<\/a>. A partir dessa altura, passei de forma met\u00f3dica a expandir a minha colec\u00e7\u00e3o, dentro de um or\u00e7amento reduzido mas com a evolu\u00e7\u00e3o natural em termos de qualidade.<\/p>\n<p>No segundo semestre de 2019, tomei a decis\u00e3o de me focar exclusivamente na escala 1\/6, o que originou uma purga significativa, com a venda de 90% do esp\u00f3lio. Cerca de um ano mais tarde, expandi os horizontes para a escala 1\/5, com a linha linha Mythos Star Wars e adquiri duas est\u00e1tuas na escala 1\/4, atrav\u00e9s \u00a0da <a href=\"http:\/\/shop4nerds.pt\/index.php\" target=\"_blank\" rel=\"noopener noreferrer\">Shop4Nerds<\/a> e <a href=\"https:\/\/hyper-toys.com\/en\/\" target=\"_blank\" rel=\"noopener noreferrer\">Hyper Toys<\/a>, que aliam qualidade a pre\u00e7os bastante competitivos.<\/p>\n<p class=\"jetpack-slideshow-noscript robots-nocontent\">This slideshow requires JavaScript.<\/p><div id=\"gallery-592-1-slideshow\" class=\"jetpack-slideshow-window jetpack-slideshow jetpack-slideshow-black\" data-trans=\"fade\" data-autostart=\"1\" data-gallery=\"[{&quot;src&quot;:&quot;https:\\\/\\\/hugocardoso.com\\\/blog\\\/wp-content\\\/uploads\\\/2026\\\/03\\\/IS-Diorama.jpg&quot;,&quot;id&quot;:&quot;26864&quot;,&quot;title&quot;:&quot;IS Diorama&quot;,&quot;alt&quot;:&quot;&quot;,&quot;caption&quot;:&quot;Iron Studios \\u0026#8211; Luke \\u0026#038; Leia Diorama&quot;,&quot;itemprop&quot;:&quot;image&quot;},{&quot;src&quot;:&quot;https:\\\/\\\/hugocardoso.com\\\/blog\\\/wp-content\\\/uploads\\\/2023\\\/08\\\/SS-Mythos-Vader.jpg&quot;,&quot;id&quot;:&quot;21909&quot;,&quot;title&quot;:&quot;SS Mythos Vader&quot;,&quot;alt&quot;:&quot;&quot;,&quot;caption&quot;:&quot;Sideshow \\u0026#8211; Mythos Vader&quot;,&quot;itemprop&quot;:&quot;image&quot;},{&quot;src&quot;:&quot;https:\\\/\\\/hugocardoso.com\\\/blog\\\/wp-content\\\/uploads\\\/2024\\\/11\\\/SS-Mythos-Yoda-scaled.jpg&quot;,&quot;id&quot;:&quot;23188&quot;,&quot;title&quot;:&quot;SS Mythos Yoda&quot;,&quot;alt&quot;:&quot;&quot;,&quot;caption&quot;:&quot;Sideshow \\u0026#8211; Mythos Yoda&quot;,&quot;itemprop&quot;:&quot;image&quot;},{&quot;src&quot;:&quot;https:\\\/\\\/hugocardoso.com\\\/blog\\\/wp-content\\\/uploads\\\/2022\\\/07\\\/SS-Ahsoka-rotated.jpg&quot;,&quot;id&quot;:&quot;20876&quot;,&quot;title&quot;:&quot;SS Ahsoka&quot;,&quot;alt&quot;:&quot;&quot;,&quot;caption&quot;:&quot;Sideshow \\u0026#8211; Ahsoka Tano&quot;,&quot;itemprop&quot;:&quot;image&quot;},{&quot;src&quot;:&quot;https:\\\/\\\/hugocardoso.com\\\/blog\\\/wp-content\\\/uploads\\\/2023\\\/04\\\/Sideshow-RRH-rotated.jpg&quot;,&quot;id&quot;:&quot;21558&quot;,&quot;title&quot;:&quot;Sideshow RRH&quot;,&quot;alt&quot;:&quot;&quot;,&quot;caption&quot;:&quot;Sideshow \\u0026#8211; Red Riding Hood&quot;,&quot;itemprop&quot;:&quot;image&quot;},{&quot;src&quot;:&quot;https:\\\/\\\/hugocardoso.com\\\/blog\\\/wp-content\\\/uploads\\\/2022\\\/06\\\/HCG-Alice-scaled.jpg&quot;,&quot;id&quot;:&quot;20728&quot;,&quot;title&quot;:&quot;HCG Alice&quot;,&quot;alt&quot;:&quot;&quot;,&quot;caption&quot;:&quot;HCG \\u0026#8211; Alice Resident Evil&quot;,&quot;itemprop&quot;:&quot;image&quot;},{&quot;src&quot;:&quot;https:\\\/\\\/hugocardoso.com\\\/blog\\\/wp-content\\\/uploads\\\/2021\\\/03\\\/Tweeterhead-Hal-Jordan-rotated.jpg&quot;,&quot;id&quot;:&quot;19012&quot;,&quot;title&quot;:&quot;Tweeterhead \\u0026#8211; Hal Jordan&quot;,&quot;alt&quot;:&quot;&quot;,&quot;caption&quot;:&quot;Tweeterhead \\u0026#8211; Hal Jordan&quot;,&quot;itemprop&quot;:&quot;image&quot;},{&quot;src&quot;:&quot;https:\\\/\\\/hugocardoso.com\\\/blog\\\/wp-content\\\/uploads\\\/2022\\\/06\\\/XM-Catwoman-scaled.jpg&quot;,&quot;id&quot;:&quot;20807&quot;,&quot;title&quot;:&quot;XM Catwoman&quot;,&quot;alt&quot;:&quot;&quot;,&quot;caption&quot;:&quot;XM Studios \\u0026#8211; Catwoman&quot;,&quot;itemprop&quot;:&quot;image&quot;},{&quot;src&quot;:&quot;https:\\\/\\\/hugocardoso.com\\\/blog\\\/wp-content\\\/uploads\\\/2019\\\/11\\\/TH-Batman-e1572704675400.jpg&quot;,&quot;id&quot;:&quot;16842&quot;,&quot;title&quot;:&quot;TH Batman&quot;,&quot;alt&quot;:&quot;&quot;,&quot;caption&quot;:&quot;Tweeterhead \\u0026#8211; Batman&quot;,&quot;itemprop&quot;:&quot;image&quot;},{&quot;src&quot;:&quot;https:\\\/\\\/hugocardoso.com\\\/blog\\\/wp-content\\\/uploads\\\/2020\\\/11\\\/TH-Batgirl-scaled.jpg&quot;,&quot;id&quot;:&quot;18460&quot;,&quot;title&quot;:&quot;TH Batgirl&quot;,&quot;alt&quot;:&quot;&quot;,&quot;caption&quot;:&quot;Tweeterhead \\u0026#8211; Batgirl&quot;,&quot;itemprop&quot;:&quot;image&quot;},{&quot;src&quot;:&quot;https:\\\/\\\/hugocardoso.com\\\/blog\\\/wp-content\\\/uploads\\\/2020\\\/04\\\/TH-Joker-4-rotated.jpg&quot;,&quot;id&quot;:&quot;17591&quot;,&quot;title&quot;:&quot;TH Joker 4&quot;,&quot;alt&quot;:&quot;&quot;,&quot;caption&quot;:&quot;Tweeterhead \\u0026#8211; Joker&quot;,&quot;itemprop&quot;:&quot;image&quot;},{&quot;src&quot;:&quot;https:\\\/\\\/hugocardoso.com\\\/blog\\\/wp-content\\\/uploads\\\/2021\\\/12\\\/TH-Poison-Ivy-rotated.jpg&quot;,&quot;id&quot;:&quot;19983&quot;,&quot;title&quot;:&quot;TH Poison Ivy&quot;,&quot;alt&quot;:&quot;&quot;,&quot;caption&quot;:&quot;Tweeterhead \\u0026#8211; Poison Ivy&quot;,&quot;itemprop&quot;:&quot;image&quot;},{&quot;src&quot;:&quot;https:\\\/\\\/hugocardoso.com\\\/blog\\\/wp-content\\\/uploads\\\/2019\\\/11\\\/TH-Wonder-Woman-e1572704787164.jpg&quot;,&quot;id&quot;:&quot;16844&quot;,&quot;title&quot;:&quot;TH \\u0026#8211; Wonder Woman&quot;,&quot;alt&quot;:&quot;&quot;,&quot;caption&quot;:&quot;Tweeterhead \\u0026#8211; Wonder Woman&quot;,&quot;itemprop&quot;:&quot;image&quot;},{&quot;src&quot;:&quot;https:\\\/\\\/hugocardoso.com\\\/blog\\\/wp-content\\\/uploads\\\/2025\\\/12\\\/TH-WW-scaled.jpg&quot;,&quot;id&quot;:&quot;26455&quot;,&quot;title&quot;:&quot;TH WW&quot;,&quot;alt&quot;:&quot;&quot;,&quot;caption&quot;:&quot;Tweeterhead \\u0026#8211; Wonder Woman (nova vers\\u00e3o)&quot;,&quot;itemprop&quot;:&quot;image&quot;},{&quot;src&quot;:&quot;https:\\\/\\\/hugocardoso.com\\\/blog\\\/wp-content\\\/uploads\\\/2022\\\/10\\\/TH_Superman-rotated.jpg&quot;,&quot;id&quot;:&quot;21206&quot;,&quot;title&quot;:&quot;TH_Superman&quot;,&quot;alt&quot;:&quot;&quot;,&quot;caption&quot;:&quot;Tweeterhead \\u0026#8211; Superman&quot;,&quot;itemprop&quot;:&quot;image&quot;},{&quot;src&quot;:&quot;https:\\\/\\\/hugocardoso.com\\\/blog\\\/wp-content\\\/uploads\\\/2024\\\/10\\\/Android-18-03-scaled.jpg&quot;,&quot;id&quot;:&quot;23148&quot;,&quot;title&quot;:&quot;Android 18 03&quot;,&quot;alt&quot;:&quot;&quot;,&quot;caption&quot;:&quot;Custom \\u0026#8211; Android 18&quot;,&quot;itemprop&quot;:&quot;image&quot;},{&quot;src&quot;:&quot;https:\\\/\\\/hugocardoso.com\\\/blog\\\/wp-content\\\/uploads\\\/2024\\\/11\\\/Custom-Final-Space-scaled.jpg&quot;,&quot;id&quot;:&quot;23187&quot;,&quot;title&quot;:&quot;Custom Final Space&quot;,&quot;alt&quot;:&quot;&quot;,&quot;caption&quot;:&quot;Custom \\u0026#8211; Final Space Diorama&quot;,&quot;itemprop&quot;:&quot;image&quot;},{&quot;src&quot;:&quot;https:\\\/\\\/hugocardoso.com\\\/blog\\\/wp-content\\\/uploads\\\/2025\\\/06\\\/Custom-Mean-Machine-scaled.jpg&quot;,&quot;id&quot;:&quot;24590&quot;,&quot;title&quot;:&quot;Custom Mean Machine&quot;,&quot;alt&quot;:&quot;&quot;,&quot;caption&quot;:&quot;Custom \\u0026#8211; Mean Machine 00&quot;,&quot;itemprop&quot;:&quot;image&quot;}]\" itemscope itemtype=\"https:\/\/schema.org\/ImageGallery\"><\/div>\n<p>Os meus hobbies adicionais passam pela aquisi\u00e7\u00e3o de manga, hardcovers e <a href=\"https:\/\/www.dictionary.com\/browse\/omnibus\" target=\"_blank\" rel=\"noopener noreferrer\">omnibus<\/a> da Marvel e DC, n\u00e3o esquecendo os videojogos, dos quais ainda mantenho <a href=\"https:\/\/hugocardoso.com\/blog\/archives\/18027\" target=\"_blank\" rel=\"noopener noreferrer\">algumas consolas<\/a>.<\/p>\n<p>Ao longo da exist\u00eancia deste blog, foram frequentes as quest\u00f5es sobre o material que utilizo para produzir o conte\u00fado, motivo pelo qual optei por disponibilizar a lista abaixo. Como podem facilmente constatar, existem alguns produtos &#8220;vintage&#8221;, que dificilmente deixar\u00e3o de fazer parte do meu esp\u00f3lio, por motivos sentimentais.<\/p>\n<blockquote>\n<p>Telem\u00f3vel: <a href=\"https:\/\/hugocardoso.com\/blog\/archives\/25274\" target=\"_blank\" rel=\"noopener\">iPhone 16e<\/a><\/p>\n<p>Desktop: <a href=\"https:\/\/hugocardoso.com\/blog\/archives\/24152\" target=\"_blank\" rel=\"noopener\">Mac Mini M4 (Neural Engine 16 core)<\/a><\/p>\n<p>Headphones: <a href=\"https:\/\/hugocardoso.com\/blog\/archives\/8899\" target=\"_blank\" rel=\"noopener noreferrer\">Audio Technica ATH-M50x <\/a>,\u00a0<a href=\"https:\/\/hugocardoso.com\/blog\/archives\/15134\" target=\"_blank\" rel=\"noopener noreferrer\"> Sennheiser BT 4.40 <\/a>,<a href=\"https:\/\/hugocardoso.com\/blog\/archives\/14441\" target=\"_blank\" rel=\"noopener noreferrer\">\u00a0Skullcandy Uproar<\/a><\/p>\n<p>Earphones: Apple AirPods, Nothing Buds Pro 2<\/p>\n<p>Microfone: <a href=\"https:\/\/fifinemicrophone.com\/products\/fifine-usb-microphone-k678\" target=\"_blank\" rel=\"noopener\">FiFine K678<\/a><\/p>\n<p>DAC: <a href=\"https:\/\/hugocardoso.com\/blog\/archives\/15338\" target=\"_blank\" rel=\"noopener noreferrer\">FiiO E10K<\/a><\/p>\n<p>Consolas: \u00a0Xbox One, <a href=\"https:\/\/hugocardoso.com\/blog\/archives\/19130\" target=\"_blank\" rel=\"noopener\">Nintendo Switch<\/a><\/p>\n<p>Mini Consolas: <a href=\"https:\/\/hugocardoso.com\/blog\/archives\/12081\" target=\"_blank\" rel=\"noopener noreferrer\">NES Classic Mini<\/a>, <a href=\"https:\/\/hugocardoso.com\/blog\/archives\/13899\" target=\"_blank\" rel=\"noopener noreferrer\">SNES Classic Mini <\/a>, <a href=\"https:\/\/hugocardoso.com\/blog\/archives\/16776\" target=\"_blank\" rel=\"noopener noreferrer\">Mega Drive Mini<\/a><\/p>\n<p>Arcade: <a href=\"https:\/\/hugocardoso.com\/blog\/archives\/16599\" target=\"_blank\" rel=\"noopener noreferrer\">Bartop Mini p\/1 jogador<\/a><\/p>\n<p>Handheld:\u00a0<a href=\"https:\/\/hugocardoso.com\/blog\/archives\/704\" target=\"_blank\" rel=\"noopener\"> DS Lite <\/a>, Kong Feng GB Boy , <a href=\"https:\/\/hugocardoso.com\/blog\/archives\/23862\" target=\"_blank\" rel=\"noopener\">Anbernic RG35XX Plus<\/a><\/p>\n<p>Tablet: iPad (9\u00aa gera\u00e7\u00e3o)<\/p>\n<\/blockquote>\n\n\n<p>Caso tenham alguma quest\u00e3o ou pretendam esclarecimentos adicionais, utilizem o <a href=\"https:\/\/hugocardoso.com\/blog\/contacto\" data-type=\"link\" data-id=\"https:\/\/hugocardoso.com\/blog\/contacto\" target=\"_blank\" rel=\"noreferrer noopener\">formul\u00e1rio disponibilizado<\/a>. CARPE DIEM! <\/p>\n\n\n\n<p><\/p>\n","protected":false},"excerpt":{"rendered":"<p>A cria\u00e7\u00e3o deste projecto teve in\u00edcio em fevereiro de 2004, com o claro intuito de partilhar experi\u00eancias e pontos de vista estritamente pessoais. O processo foi longo e passou por &hellip; <\/p>\n","protected":false},"author":1,"featured_media":0,"parent":0,"menu_order":1,"comment_status":"open","ping_status":"open","template":"","meta":{"jetpack_post_was_ever_published":false,"footnotes":""},"class_list":["post-592","page","type-page","status-publish","hentry"],"jetpack_shortlink":"https:\/\/wp.me\/P1qeZR-9y","jetpack_sharing_enabled":true,"_links":{"self":[{"href":"https:\/\/hugocardoso.com\/blog\/wp-json\/wp\/v2\/pages\/592","targetHints":{"allow":["GET"]}}],"collection":[{"href":"https:\/\/hugocardoso.com\/blog\/wp-json\/wp\/v2\/pages"}],"about":[{"href":"https:\/\/hugocardoso.com\/blog\/wp-json\/wp\/v2\/types\/page"}],"author":[{"embeddable":true,"href":"https:\/\/hugocardoso.com\/blog\/wp-json\/wp\/v2\/users\/1"}],"replies":[{"embeddable":true,"href":"https:\/\/hugocardoso.com\/blog\/wp-json\/wp\/v2\/comments?post=592"}],"version-history":[{"count":99,"href":"https:\/\/hugocardoso.com\/blog\/wp-json\/wp\/v2\/pages\/592\/revisions"}],"predecessor-version":[{"id":26866,"href":"https:\/\/hugocardoso.com\/blog\/wp-json\/wp\/v2\/pages\/592\/revisions\/26866"}],"wp:attachment":[{"href":"https:\/\/hugocardoso.com\/blog\/wp-json\/wp\/v2\/media?parent=592"}],"curies":[{"name":"wp","href":"https:\/\/api.w.org\/{rel}","templated":true}]}}